{"id":109,"date":"2020-03-25T19:13:51","date_gmt":"2020-03-25T19:13:51","guid":{"rendered":"http:\/\/g\u00e9om\u00e8tre-michaux.be\/?page_id=109"},"modified":"2020-10-27T16:20:50","modified_gmt":"2020-10-27T16:20:50","slug":"bornage","status":"publish","type":"page","link":"https:\/\/g\u00e9om\u00e8tre-michaux.be\/?page_id=109","title":{"rendered":"Bornage"},"content":{"rendered":"\t\t<div data-elementor-type=\"wp-page\" data-elementor-id=\"109\" class=\"elementor elementor-109\">\n\t\t\t\t\t\t<section class=\"elementor-section elementor-top-section elementor-element elementor-element-74a017b4 elementor-section-boxed elementor-section-height-default elementor-section-height-default elementor-invisible\" data-id=\"74a017b4\" data-element_type=\"section\" data-e-type=\"section\" data-settings=\"{&quot;animation&quot;:&quot;fadeInRight&quot;}\">\n\t\t\t\t\t\t<div class=\"elementor-container elementor-column-gap-default\">\n\t\t\t\t\t<div class=\"elementor-column elementor-col-100 elementor-top-column elementor-element elementor-element-18fb26ac elementor-invisible\" data-id=\"18fb26ac\" data-element_type=\"column\" data-e-type=\"column\" data-settings=\"{&quot;animation&quot;:&quot;fadeInLeft&quot;}\">\n\t\t\t<div class=\"elementor-widget-wrap elementor-element-populated\">\n\t\t\t\t\t\t<div class=\"elementor-element elementor-element-77f1b96a elementor-invisible elementor-widget elementor-widget-heading\" data-id=\"77f1b96a\" data-element_type=\"widget\" data-e-type=\"widget\" data-settings=\"{&quot;_animation&quot;:&quot;fadeInLeft&quot;}\" data-widget_type=\"heading.default\">\n\t\t\t\t<div class=\"elementor-widget-container\">\n\t\t\t\t\t<h2 class=\"elementor-heading-title elementor-size-default\">BORNAGE<\/h2>\t\t\t\t<\/div>\n\t\t\t\t<\/div>\n\t\t\t\t<div class=\"elementor-element elementor-element-5bb753ca elementor-invisible elementor-widget elementor-widget-text-editor\" data-id=\"5bb753ca\" data-element_type=\"widget\" data-e-type=\"widget\" data-settings=\"{&quot;_animation&quot;:&quot;fadeInLeft&quot;}\" data-widget_type=\"text-editor.default\">\n\t\t\t\t<div class=\"elementor-widget-container\">\n\t\t\t\t\t\t\t\t\t<p>Je r\u00e9tablis la limite s\u00e9parative de propri\u00e9t\u00e9s contig\u00fces, dresse le proc\u00e8s-verbal et implante les bornes pour d\u00e9limiter la limite s\u00e9parative<\/p>\t\t\t\t\t\t\t\t<\/div>\n\t\t\t\t<\/div>\n\t\t\t\t\t<\/div>\n\t\t<\/div>\n\t\t\t\t\t<\/div>\n\t\t<\/section>\n\t\t\t\t<section class=\"elementor-section elementor-top-section elementor-element elementor-element-87ac174 elementor-section-boxed elementor-section-height-default elementor-section-height-default\" data-id=\"87ac174\" data-element_type=\"section\" data-e-type=\"section\">\n\t\t\t\t\t\t<div class=\"elementor-container elementor-column-gap-default\">\n\t\t\t\t\t<div class=\"elementor-column elementor-col-100 elementor-top-column elementor-element elementor-element-575d6b1\" data-id=\"575d6b1\" data-element_type=\"column\" data-e-type=\"column\">\n\t\t\t<div class=\"elementor-widget-wrap elementor-element-populated\">\n\t\t\t\t\t\t<div class=\"elementor-element elementor-element-6fda902 elementor-widget elementor-widget-image-gallery\" data-id=\"6fda902\" data-element_type=\"widget\" data-e-type=\"widget\" data-settings=\"{&quot;_animation&quot;:&quot;none&quot;}\" data-widget_type=\"image-gallery.default\">\n\t\t\t\t<div class=\"elementor-widget-container\">\n\t\t\t\t\t\t\t<div class=\"elementor-image-gallery\">\n\t\t\t<div id='gallery-1' class='gallery galleryid-109 gallery-columns-1 gallery-size-medium'><figure class='gallery-item'>\n\t\t\t<div class='gallery-icon landscape'>\n\t\t\t\t<a data-elementor-open-lightbox=\"yes\" data-elementor-lightbox-slideshow=\"6fda902\" data-elementor-lightbox-title=\"plandebornaged\u00e9finitif15052017\" data-e-action-hash=\"#elementor-action%3Aaction%3Dlightbox%26settings%3DeyJpZCI6MTM4LCJ1cmwiOiJodHRwczpcL1wvZ1x1MDBlOW9tXHUwMGU4dHJlLW1pY2hhdXguYmVcL3dwLWNvbnRlbnRcL3VwbG9hZHNcLzIwMjBcLzA0XC9wbGFuZGVib3JuYWdlZFx1MDBlOWZpbml0aWYxNTA1MjAxNy1zY2FsZWQuanBnIiwic2xpZGVzaG93IjoiNmZkYTkwMiJ9\" href='https:\/\/g\u00e9om\u00e8tre-michaux.be\/wp-content\/uploads\/2020\/04\/plandebornaged\u00e9finitif15052017-scaled.jpg'><img fetchpriority=\"high\" decoding=\"async\" width=\"300\" height=\"212\" src=\"https:\/\/g\u00e9om\u00e8tre-michaux.be\/wp-content\/uploads\/2020\/04\/plandebornaged\u00e9finitif15052017-300x212.jpg\" class=\"attachment-medium size-medium\" alt=\"\" srcset=\"https:\/\/g\u00e9om\u00e8tre-michaux.be\/wp-content\/uploads\/2020\/04\/plandebornaged\u00e9finitif15052017-300x212.jpg 300w, https:\/\/g\u00e9om\u00e8tre-michaux.be\/wp-content\/uploads\/2020\/04\/plandebornaged\u00e9finitif15052017-1024x723.jpg 1024w, https:\/\/g\u00e9om\u00e8tre-michaux.be\/wp-content\/uploads\/2020\/04\/plandebornaged\u00e9finitif15052017-768x543.jpg 768w, https:\/\/g\u00e9om\u00e8tre-michaux.be\/wp-content\/uploads\/2020\/04\/plandebornaged\u00e9finitif15052017-1536x1085.jpg 1536w, https:\/\/g\u00e9om\u00e8tre-michaux.be\/wp-content\/uploads\/2020\/04\/plandebornaged\u00e9finitif15052017-2048x1447.jpg 2048w\" sizes=\"(max-width: 300px) 100vw, 300px\" \/><\/a>\n\t\t\t<\/div><\/figure>\n\t\t<\/div>\n\t\t<\/div>\n\t\t\t\t\t\t<\/div>\n\t\t\t\t<\/div>\n\t\t\t\t\t<\/div>\n\t\t<\/div>\n\t\t\t\t\t<\/div>\n\t\t<\/section>\n\t\t\t\t<\/div>\n\t\t","protected":false},"excerpt":{"rendered":"<p>BORNAGE Je r\u00e9tablis la limite s\u00e9parative de propri\u00e9t\u00e9s contig\u00fces, dresse le proc\u00e8s-verbal et implante les bornes pour d\u00e9limiter la limite s\u00e9parative<\/p>\n","protected":false},"author":1,"featured_media":0,"parent":0,"menu_order":0,"comment_status":"closed","ping_status":"closed","template":"","meta":{"footnotes":""},"class_list":["post-109","page","type-page","status-publish","hentry"],"_links":{"self":[{"href":"https:\/\/g\u00e9om\u00e8tre-michaux.be\/index.php?rest_route=\/wp\/v2\/pages\/109","targetHints":{"allow":["GET"]}}],"collection":[{"href":"https:\/\/g\u00e9om\u00e8tre-michaux.be\/index.php?rest_route=\/wp\/v2\/pages"}],"about":[{"href":"https:\/\/g\u00e9om\u00e8tre-michaux.be\/index.php?rest_route=\/wp\/v2\/types\/page"}],"author":[{"embeddable":true,"href":"https:\/\/g\u00e9om\u00e8tre-michaux.be\/index.php?rest_route=\/wp\/v2\/users\/1"}],"replies":[{"embeddable":true,"href":"https:\/\/g\u00e9om\u00e8tre-michaux.be\/index.php?rest_route=%2Fwp%2Fv2%2Fcomments&post=109"}],"version-history":[{"count":24,"href":"https:\/\/g\u00e9om\u00e8tre-michaux.be\/index.php?rest_route=\/wp\/v2\/pages\/109\/revisions"}],"predecessor-version":[{"id":221,"href":"https:\/\/g\u00e9om\u00e8tre-michaux.be\/index.php?rest_route=\/wp\/v2\/pages\/109\/revisions\/221"}],"wp:attachment":[{"href":"https:\/\/g\u00e9om\u00e8tre-michaux.be\/index.php?rest_route=%2Fwp%2Fv2%2Fmedia&parent=109"}],"curies":[{"name":"wp","href":"https:\/\/api.w.org\/{rel}","templated":true}]}}