{"id":142,"date":"2020-04-13T13:58:19","date_gmt":"2020-04-13T13:58:19","guid":{"rendered":"http:\/\/g\u00e9om\u00e8tre-michaux.be\/?page_id=142"},"modified":"2020-07-16T15:13:06","modified_gmt":"2020-07-16T15:13:06","slug":"nivellement","status":"publish","type":"page","link":"https:\/\/g\u00e9om\u00e8tre-michaux.be\/?page_id=142","title":{"rendered":"Nivellement"},"content":{"rendered":"\t\t<div data-elementor-type=\"wp-page\" data-elementor-id=\"142\" class=\"elementor elementor-142\">\n\t\t\t\t\t\t<section class=\"elementor-section elementor-top-section elementor-element elementor-element-a0ff5e1 elementor-section-boxed elementor-section-height-default elementor-section-height-default elementor-invisible\" data-id=\"a0ff5e1\" data-element_type=\"section\" data-e-type=\"section\" data-settings=\"{&quot;animation&quot;:&quot;fadeIn&quot;}\">\n\t\t\t\t\t\t<div class=\"elementor-container elementor-column-gap-default\">\n\t\t\t\t\t<div class=\"elementor-column elementor-col-100 elementor-top-column elementor-element elementor-element-7834c48e elementor-invisible\" data-id=\"7834c48e\" data-element_type=\"column\" data-e-type=\"column\" data-settings=\"{&quot;animation&quot;:&quot;fadeInLeft&quot;}\">\n\t\t\t<div class=\"elementor-widget-wrap elementor-element-populated\">\n\t\t\t\t\t\t<div class=\"elementor-element elementor-element-2f1a0cf7 elementor-widget elementor-widget-heading\" data-id=\"2f1a0cf7\" data-element_type=\"widget\" data-e-type=\"widget\" data-settings=\"{&quot;_animation&quot;:&quot;none&quot;}\" data-widget_type=\"heading.default\">\n\t\t\t\t<div class=\"elementor-widget-container\">\n\t\t\t\t\t<h2 class=\"elementor-heading-title elementor-size-default\">NIVELLEMENT<\/h2>\t\t\t\t<\/div>\n\t\t\t\t<\/div>\n\t\t\t\t<div class=\"elementor-element elementor-element-4cf85959 elementor-widget elementor-widget-text-editor\" data-id=\"4cf85959\" data-element_type=\"widget\" data-e-type=\"widget\" data-widget_type=\"text-editor.default\">\n\t\t\t\t<div class=\"elementor-widget-container\">\n\t\t\t\t\t\t\t\t\t<p>Relev\u00e9 des diff\u00e9rents niveaux de votre parcelle afin que votre architecte \u00e9tablisse votre projet dans les r\u00e8gles<\/p>\t\t\t\t\t\t\t\t<\/div>\n\t\t\t\t<\/div>\n\t\t\t\t\t<\/div>\n\t\t<\/div>\n\t\t\t\t\t<\/div>\n\t\t<\/section>\n\t\t\t\t<section class=\"elementor-section elementor-top-section elementor-element elementor-element-a796d95 elementor-section-boxed elementor-section-height-default elementor-section-height-default\" data-id=\"a796d95\" data-element_type=\"section\" data-e-type=\"section\">\n\t\t\t\t\t\t<div class=\"elementor-container elementor-column-gap-default\">\n\t\t\t\t\t<div class=\"elementor-column elementor-col-100 elementor-top-column elementor-element elementor-element-d33c018\" data-id=\"d33c018\" data-element_type=\"column\" data-e-type=\"column\">\n\t\t\t<div class=\"elementor-widget-wrap elementor-element-populated\">\n\t\t\t\t\t\t<div class=\"elementor-element elementor-element-592765f elementor-widget elementor-widget-image-gallery\" data-id=\"592765f\" data-element_type=\"widget\" data-e-type=\"widget\" data-widget_type=\"image-gallery.default\">\n\t\t\t\t<div class=\"elementor-widget-container\">\n\t\t\t\t\t\t\t<div class=\"elementor-image-gallery\">\n\t\t\t<div id='gallery-1' class='gallery galleryid-142 gallery-columns-1 gallery-size-medium'><figure class='gallery-item'>\n\t\t\t<div class='gallery-icon landscape'>\n\t\t\t\t<a data-elementor-open-lightbox=\"yes\" data-elementor-lightbox-slideshow=\"592765f\" data-elementor-lightbox-title=\"Plan de division + nivellement\" data-e-action-hash=\"#elementor-action%3Aaction%3Dlightbox%26settings%3DeyJpZCI6MTk3LCJ1cmwiOiJodHRwczpcL1wvZ1x1MDBlOW9tXHUwMGU4dHJlLW1pY2hhdXguYmVcL3dwLWNvbnRlbnRcL3VwbG9hZHNcLzIwMjBcLzA3XC9QbGFuLWRlLWRpdmlzaW9uLW5pdmVsbGVtZW50LXNjYWxlZC5qcGciLCJzbGlkZXNob3ciOiI1OTI3NjVmIn0%3D\" href='https:\/\/g\u00e9om\u00e8tre-michaux.be\/wp-content\/uploads\/2020\/07\/Plan-de-division-nivellement-scaled.jpg'><img fetchpriority=\"high\" decoding=\"async\" width=\"300\" height=\"212\" src=\"https:\/\/g\u00e9om\u00e8tre-michaux.be\/wp-content\/uploads\/2020\/07\/Plan-de-division-nivellement-300x212.jpg\" class=\"attachment-medium size-medium\" alt=\"\" srcset=\"https:\/\/g\u00e9om\u00e8tre-michaux.be\/wp-content\/uploads\/2020\/07\/Plan-de-division-nivellement-300x212.jpg 300w, https:\/\/g\u00e9om\u00e8tre-michaux.be\/wp-content\/uploads\/2020\/07\/Plan-de-division-nivellement-1024x724.jpg 1024w, https:\/\/g\u00e9om\u00e8tre-michaux.be\/wp-content\/uploads\/2020\/07\/Plan-de-division-nivellement-768x543.jpg 768w, https:\/\/g\u00e9om\u00e8tre-michaux.be\/wp-content\/uploads\/2020\/07\/Plan-de-division-nivellement-1536x1086.jpg 1536w, https:\/\/g\u00e9om\u00e8tre-michaux.be\/wp-content\/uploads\/2020\/07\/Plan-de-division-nivellement-2048x1448.jpg 2048w\" sizes=\"(max-width: 300px) 100vw, 300px\" \/><\/a>\n\t\t\t<\/div><\/figure>\n\t\t<\/div>\n\t\t<\/div>\n\t\t\t\t\t\t<\/div>\n\t\t\t\t<\/div>\n\t\t\t\t\t<\/div>\n\t\t<\/div>\n\t\t\t\t\t<\/div>\n\t\t<\/section>\n\t\t\t\t<\/div>\n\t\t","protected":false},"excerpt":{"rendered":"<p>NIVELLEMENT Relev\u00e9 des diff\u00e9rents niveaux de votre parcelle afin que votre architecte \u00e9tablisse votre projet dans les r\u00e8gles<\/p>\n","protected":false},"author":1,"featured_media":0,"parent":0,"menu_order":0,"comment_status":"closed","ping_status":"closed","template":"","meta":{"footnotes":""},"class_list":["post-142","page","type-page","status-publish","hentry"],"_links":{"self":[{"href":"https:\/\/g\u00e9om\u00e8tre-michaux.be\/index.php?rest_route=\/wp\/v2\/pages\/142","targetHints":{"allow":["GET"]}}],"collection":[{"href":"https:\/\/g\u00e9om\u00e8tre-michaux.be\/index.php?rest_route=\/wp\/v2\/pages"}],"about":[{"href":"https:\/\/g\u00e9om\u00e8tre-michaux.be\/index.php?rest_route=\/wp\/v2\/types\/page"}],"author":[{"embeddable":true,"href":"https:\/\/g\u00e9om\u00e8tre-michaux.be\/index.php?rest_route=\/wp\/v2\/users\/1"}],"replies":[{"embeddable":true,"href":"https:\/\/g\u00e9om\u00e8tre-michaux.be\/index.php?rest_route=%2Fwp%2Fv2%2Fcomments&post=142"}],"version-history":[{"count":6,"href":"https:\/\/g\u00e9om\u00e8tre-michaux.be\/index.php?rest_route=\/wp\/v2\/pages\/142\/revisions"}],"predecessor-version":[{"id":198,"href":"https:\/\/g\u00e9om\u00e8tre-michaux.be\/index.php?rest_route=\/wp\/v2\/pages\/142\/revisions\/198"}],"wp:attachment":[{"href":"https:\/\/g\u00e9om\u00e8tre-michaux.be\/index.php?rest_route=%2Fwp%2Fv2%2Fmedia&parent=142"}],"curies":[{"name":"wp","href":"https:\/\/api.w.org\/{rel}","templated":true}]}}